{"id":3,"date":"2023-01-30T21:20:41","date_gmt":"2023-01-30T21:20:41","guid":{"rendered":"https:\/\/update.cranealo.net\/?page_id=3"},"modified":"2023-03-29T11:02:43","modified_gmt":"2023-03-29T11:02:43","slug":"terminos-condiciones","status":"publish","type":"page","link":"https:\/\/update.cranealo.net\/en\/terminos-condiciones\/","title":{"rendered":"Terminos y condiciones"},"content":{"rendered":"[et_pb_section fb_built=\u00bb1&#8243; admin_label=\u00bbsection\u00bb _builder_version=\u00bb4.16&#8243; global_colors_info=\u00bb{}\u00bb][et_pb_row admin_label=\u00bbrow\u00bb _builder_version=\u00bb4.16&#8243; background_size=\u00bbinitial\u00bb background_position=\u00bbtop_left\u00bb background_repeat=\u00bbrepeat\u00bb global_colors_info=\u00bb{}\u00bb][et_pb_column type=\u00bb4_4&#8243; _builder_version=\u00bb4.16&#8243; custom_padding=\u00bb|||\u00bb global_colors_info=\u00bb{}\u00bb custom_padding__hover=\u00bb|||\u00bb][et_pb_text admin_label=\u00bbText\u00bb _builder_version=\u00bb4.20.2&#8243; background_size=\u00bbinitial\u00bb background_position=\u00bbtop_left\u00bb background_repeat=\u00bbrepeat\u00bb global_colors_info=\u00bb{}\u00bb]<p>T\u00e9rminos y Condiciones de la Agencia de Marketing y Ventas B2B<\/p>\n<ol>\n<li>Definiciones<\/li>\n<\/ol>\n<ul>\n<li>\u00abAgencia\u00bb se refiere a la empresa de marketing y ventas B2B que presta servicios a los clientes.<\/li>\n<li>\u00abCliente\u00bb se refiere a la empresa o negocio que contrata los servicios de la Agencia.<\/li>\n<li>\u00abServicios\u00bb se refiere a los servicios de marketing y ventas prestados por la Agencia al Cliente.<\/li>\n<\/ul>\n<ol start=\"2\">\n<li>Acuerdo de servicios<\/li>\n<\/ol>\n<ul>\n<li>El presente acuerdo regula los t\u00e9rminos y condiciones de la prestaci\u00f3n de los Servicios por parte de la Agencia al Cliente.<\/li>\n<li>La Agencia presta sus Servicios de conformidad con las leyes espa\u00f1olas y dem\u00e1s normativas aplicables.<\/li>\n<li>El Cliente reconoce y acepta que la Agencia no garantiza resultados espec\u00edficos en t\u00e9rminos de ventas o impacto en el mercado.<\/li>\n<\/ul>\n<ol start=\"3\">\n<li>Duraci\u00f3n del acuerdo<\/li>\n<\/ol>\n<ul>\n<li>El presente acuerdo tendr\u00e1 una duraci\u00f3n determinada, seg\u00fan lo acordado por escrito entre la Agencia y el Cliente.<\/li>\n<li>Cualquiera de las partes podr\u00e1 dar por terminado el presente acuerdo previa comunicaci\u00f3n escrita con un preaviso de 30 d\u00edas.<\/li>\n<\/ul>\n<ol start=\"4\">\n<li>Honorarios y pagos<\/li>\n<\/ol>\n<ul>\n<li>La Agencia facturar\u00e1 al Cliente por los Servicios prestados de acuerdo con las tarifas acordadas por escrito entre ambas partes.<\/li>\n<li>Los pagos ser\u00e1n realizados en la fecha y en la forma acordadas por escrito entre la Agencia y el Cliente.<\/li>\n<\/ul>\n<ol start=\"5\">\n<li>Propiedad intelectual<\/li>\n<\/ol>\n<ul>\n<li>El Cliente reconoce y acepta que todos los derechos de propiedad intelectual sobre los resultados finales de los Servicios prestados por la Agencia le corresponden a la Agencia.<\/li>\n<li>El Cliente se compromete a no reproducir, modificar, distribuir, vender o explotar de cualquier otra forma los resultados finales de los Servicios prestados por la Agencia sin previa autorizaci\u00f3n por escrito de la Agencia.<\/li>\n<\/ul>\n<ol start=\"6\">\n<li>Confidencialidad<\/li>\n<\/ol>\n<ul>\n<li>La Agencia y el Cliente se comprometen a mantener confidencial toda la informaci\u00f3n recibida por la otra parte en relaci\u00f3n con el presente acuerdo, y a no revelarla a terceros sin autorizaci\u00f3n previa por escrito.<\/li>\n<\/ul>\n<ol start=\"7\">\n<li>Exclusi\u00f3n de garant\u00edas y responsabilidad<\/li>\n<\/ol>\n<ul>\n<li>La Agencia presta sus Servicios de buena fe y con el cuidado y diligencia profesional requeridos, sin embargo, no ofrece garant\u00edas expl\u00edcitas o impl\u00edcitas en relaci\u00f3n con los Servicios prestados.<\/li>\n<li>En ning\u00fan caso la Agencia ser\u00e1 responsable por da\u00f1os indirectos, especiales, consecuentes o punitivos.<\/li>\n<\/ul>\n<ol start=\"8\">\n<li>Resoluci\u00f3n de conflictos<\/li>\n<\/ol>\n<ul>\n<li>Cualquier conflicto derivado del presente acuerdo ser\u00e1 resuelto mediante negociaci\u00f3n entre las partes. En caso de no llegar a un acuerdo, cualquiera de las partes podr\u00e1 someter el conflicto a un tribunal competente en Espa\u00f1a.<\/li>\n<\/ul>\n<ol start=\"9\">\n<li>Modificaciones del acuerdo<\/li>\n<\/ol>\n<ul>\n<li>El presente acuerdo podr\u00e1 ser modificado por escrito y con acuerdo de ambas partes.<\/li>\n<\/ul>\n<ol start=\"10\">\n<li>Integridad del acuerdo<\/li>\n<\/ol>\n<ul>\n<li>El presente acuerdo constituye el acuerdo completo entre la Agencia y el Cliente en relaci\u00f3n con la prestaci\u00f3n de los Servicios, y reemplaza a cualquier acuerdo anterior o contempor\u00e1neo, ya sea verbal o escrito.<\/li>\n<\/ul>\n<ol start=\"11\">\n<li>Ley aplicable y jurisdicci\u00f3n<\/li>\n<\/ol>\n<ul>\n<li>El presente acuerdo ser\u00e1 regido e interpretado de acuerdo con las leyes espa\u00f1olas. Cualquier conflicto derivado del presente acuerdo ser\u00e1 resuelto por los tribunales espa\u00f1oles.<\/li>\n<\/ul>\n<p>El Cliente reconoce haber le\u00eddo, entendido y aceptado los t\u00e9rminos y condiciones del presente acuerdo antes de contratar los Servicios de la Agencia.<\/p>\n<p><\/p>[\/et_pb_text][et_pb_button button_text=\u00bbVolver al inicio\u00bb _builder_version=\u00bb4.20.2&#8243; _module_preset=\u00bbdefault\u00bb button_url=\u00bb@ET-DC@eyJkeW5hbWljIjp0cnVlLCJjb250ZW50IjoiaG9tZV91cmwiLCJzZXR0aW5ncyI6e319@\u00bb _dynamic_attributes=\u00bbbutton_url\u00bb custom_button=\u00bbon\u00bb button_bg_color=\u00bb#5243db\u00bb button_bg_enable_color=\u00bbon\u00bb button_border_color=\u00bbRGBA(255,255,255,0)\u00bb button_text_color=\u00bb#FFFFFF\u00bb button_icon=\u00bb&#x3e;||divi||400&#8243; button_on_hover=\u00bboff\u00bb box_shadow_style=\u00bbpreset3&#8243; hover_enabled=\u00bb0&#8243; sticky_enabled=\u00bb0&#8243;][\/et_pb_button][\/et_pb_column][\/et_pb_row][\/et_pb_section]","protected":false},"excerpt":{"rendered":"<p>T\u00e9rminos y Condiciones de la Agencia de Marketing y Ventas B2B Definiciones \u00abAgencia\u00bb se refiere a la empresa de marketing y ventas B2B que presta servicios a los clientes. \u00abCliente\u00bb se refiere a la empresa o negocio que contrata los servicios de la Agencia. \u00abServicios\u00bb se refiere a los servicios de marketing y ventas prestados [&hellip;]<\/p>","protected":false},"author":1,"featured_media":0,"parent":0,"menu_order":0,"comment_status":"closed","ping_status":"open","template":"","meta":{"_et_pb_use_builder":"on","_et_pb_old_content":"<!-- wp:heading -->\r\n<p>T\u00e9rminos y Condiciones de la Agencia de Marketing y Ventas B2B<\/p>\r\n<ol>\r\n<li>Definiciones<\/li>\r\n<\/ol>\r\n<ul>\r\n<li>\"Agencia\" se refiere a la empresa de marketing y ventas B2B que presta servicios a los clientes.<\/li>\r\n<li>\"Cliente\" se refiere a la empresa o negocio que contrata los servicios de la Agencia.<\/li>\r\n<li>\"Servicios\" se refiere a los servicios de marketing y ventas prestados por la Agencia al Cliente.<\/li>\r\n<\/ul>\r\n<ol start=\"2\">\r\n<li>Acuerdo de servicios<\/li>\r\n<\/ol>\r\n<ul>\r\n<li>El presente acuerdo regula los t\u00e9rminos y condiciones de la prestaci\u00f3n de los Servicios por parte de la Agencia al Cliente.<\/li>\r\n<li>La Agencia presta sus Servicios de conformidad con las leyes espa\u00f1olas y dem\u00e1s normativas aplicables.<\/li>\r\n<li>El Cliente reconoce y acepta que la Agencia no garantiza resultados espec\u00edficos en t\u00e9rminos de ventas o impacto en el mercado.<\/li>\r\n<\/ul>\r\n<ol start=\"3\">\r\n<li>Duraci\u00f3n del acuerdo<\/li>\r\n<\/ol>\r\n<ul>\r\n<li>El presente acuerdo tendr\u00e1 una duraci\u00f3n determinada, seg\u00fan lo acordado por escrito entre la Agencia y el Cliente.<\/li>\r\n<li>Cualquiera de las partes podr\u00e1 dar por terminado el presente acuerdo previa comunicaci\u00f3n escrita con un preaviso de 30 d\u00edas.<\/li>\r\n<\/ul>\r\n<ol start=\"4\">\r\n<li>Honorarios y pagos<\/li>\r\n<\/ol>\r\n<ul>\r\n<li>La Agencia facturar\u00e1 al Cliente por los Servicios prestados de acuerdo con las tarifas acordadas por escrito entre ambas partes.<\/li>\r\n<li>Los pagos ser\u00e1n realizados en la fecha y en la forma acordadas por escrito entre la Agencia y el Cliente.<\/li>\r\n<\/ul>\r\n<ol start=\"5\">\r\n<li>Propiedad intelectual<\/li>\r\n<\/ol>\r\n<ul>\r\n<li>El Cliente reconoce y acepta que todos los derechos de propiedad intelectual sobre los resultados finales de los Servicios prestados por la Agencia le corresponden a la Agencia.<\/li>\r\n<li>El Cliente se compromete a no reproducir, modificar, distribuir, vender o explotar de cualquier otra forma los resultados finales de los Servicios prestados por la Agencia sin previa autorizaci\u00f3n por escrito de la Agencia.<\/li>\r\n<\/ul>\r\n<ol start=\"6\">\r\n<li>Confidencialidad<\/li>\r\n<\/ol>\r\n<ul>\r\n<li>La Agencia y el Cliente se comprometen a mantener confidencial toda la informaci\u00f3n recibida por la otra parte en relaci\u00f3n con el presente acuerdo, y a no revelarla a terceros sin autorizaci\u00f3n previa por escrito.<\/li>\r\n<\/ul>\r\n<ol start=\"7\">\r\n<li>Exclusi\u00f3n de garant\u00edas y responsabilidad<\/li>\r\n<\/ol>\r\n<ul>\r\n<li>La Agencia presta sus Servicios de buena fe y con el cuidado y diligencia profesional requeridos, sin embargo, no ofrece garant\u00edas expl\u00edcitas o impl\u00edcitas en relaci\u00f3n con los Servicios prestados.<\/li>\r\n<li>En ning\u00fan caso la Agencia ser\u00e1 responsable por da\u00f1os indirectos, especiales, consecuentes o punitivos.<\/li>\r\n<\/ul>\r\n<ol start=\"8\">\r\n<li>Resoluci\u00f3n de conflictos<\/li>\r\n<\/ol>\r\n<ul>\r\n<li>Cualquier conflicto derivado del presente acuerdo ser\u00e1 resuelto mediante negociaci\u00f3n entre las partes. En caso de no llegar a un acuerdo, cualquiera de las partes podr\u00e1 someter el conflicto a un tribunal competente en Espa\u00f1a.<\/li>\r\n<\/ul>\r\n<ol start=\"9\">\r\n<li>Modificaciones del acuerdo<\/li>\r\n<\/ol>\r\n<ul>\r\n<li>El presente acuerdo podr\u00e1 ser modificado por escrito y con acuerdo de ambas partes.<\/li>\r\n<\/ul>\r\n<ol start=\"10\">\r\n<li>Integridad del acuerdo<\/li>\r\n<\/ol>\r\n<ul>\r\n<li>El presente acuerdo constituye el acuerdo completo entre la Agencia y el Cliente en relaci\u00f3n con la prestaci\u00f3n de los Servicios, y reemplaza a cualquier acuerdo anterior o contempor\u00e1neo, ya sea verbal o escrito.<\/li>\r\n<\/ul>\r\n<ol start=\"11\">\r\n<li>Ley aplicable y jurisdicci\u00f3n<\/li>\r\n<\/ol>\r\n<ul>\r\n<li>El presente acuerdo ser\u00e1 regido e interpretado de acuerdo con las leyes espa\u00f1olas. Cualquier conflicto derivado del presente acuerdo ser\u00e1 resuelto por los tribunales espa\u00f1oles.<\/li>\r\n<\/ul>\r\n<p>El Cliente reconoce haber le\u00eddo, entendido y aceptado los t\u00e9rminos y condiciones del presente acuerdo antes de contratar los Servicios de la Agencia.<\/p>\r\n<!-- \/wp:paragraph -->","_et_gb_content_width":"","footnotes":""},"class_list":["post-3","page","type-page","status-publish","hentry"],"aioseo_notices":[],"_links":{"self":[{"href":"https:\/\/update.cranealo.net\/en\/wp-json\/wp\/v2\/pages\/3","targetHints":{"allow":["GET"]}}],"collection":[{"href":"https:\/\/update.cranealo.net\/en\/wp-json\/wp\/v2\/pages"}],"about":[{"href":"https:\/\/update.cranealo.net\/en\/wp-json\/wp\/v2\/types\/page"}],"author":[{"embeddable":true,"href":"https:\/\/update.cranealo.net\/en\/wp-json\/wp\/v2\/users\/1"}],"replies":[{"embeddable":true,"href":"https:\/\/update.cranealo.net\/en\/wp-json\/wp\/v2\/comments?post=3"}],"version-history":[{"count":6,"href":"https:\/\/update.cranealo.net\/en\/wp-json\/wp\/v2\/pages\/3\/revisions"}],"predecessor-version":[{"id":171,"href":"https:\/\/update.cranealo.net\/en\/wp-json\/wp\/v2\/pages\/3\/revisions\/171"}],"wp:attachment":[{"href":"https:\/\/update.cranealo.net\/en\/wp-json\/wp\/v2\/media?parent=3"}],"curies":[{"name":"wp","href":"https:\/\/api.w.org\/{rel}","templated":true}]}}